{"id":83,"date":"2025-05-20T10:04:53","date_gmt":"2025-05-20T10:04:53","guid":{"rendered":"https:\/\/kajkanten.tore.enson.se\/?page_id=83"},"modified":"2025-05-28T13:50:39","modified_gmt":"2025-05-28T11:50:39","slug":"gasthamn","status":"publish","type":"page","link":"https:\/\/kajkanten19.se\/en\/gasthamn\/","title":{"rendered":"Guest harbour"},"content":{"rendered":"<p>Welcome to our own guest harbour at Kajkanten. Here are 15 nice berths with the possibility of electricity connection. In addition, you will have access to WC, shower, sauna and a self-service kitchen.<\/p>\n\n\n\n<p>A mooring costs SEK 190 per day. Restaurant guests dock for free when they visit.&nbsp;<\/p>\n\n\n\n<p>Contact us to book a berth.<\/p>\n\n\n\n<h2 class=\"wp-block-heading\">Tour boats to Ulv\u00f6n &amp; Trysunda<\/h2>\n\n\n\n<p>M\/f Ulv\u00f6n takes 30 minutes from K\u00f6pmanholmen to Trysunda, 1 hour to Fj\u00e4ren on Ulv\u00f6n and 1.5 hours to Ulv\u00f6hamn. The times m\/f Ulv\u00f6n goes to Ulv\u00f6n via Trysunda, the journey to Ulv\u00f6hamn takes 2 hours. Operates all year round<\/p>\n\n\n\n<p>M\/f Minerva takes 45 minutes to K\u00f6pmanholmen-Ulv\u00f6hamn, only runs in summer<\/p>\n\n\n\n<p>See their <a href=\"https:\/\/mfulvon.se\" target=\"_blank\" rel=\"noopener\" title=\"\">website <\/a>for more information<\/p>\n\n\n\n<p><\/p>","protected":false},"excerpt":{"rendered":"<p>V\u00e4lkommen till v\u00e5r egen g\u00e4sthamn vid Kajkanten. H\u00e4r finns 15 fina b\u00e5tplatser med m\u00f6jlighet till&nbsp;elanslutning. Dessutom f\u00e5r du tillg\u00e5ng till WC, dusch, bastu och ett k\u00f6k med sj\u00e4lvbetj\u00e4ning. En b\u00e5tplats kostar 190 kronor per dygn. Restaurangens g\u00e4ster l\u00e4gger till gratis i samband med bes\u00f6ket.&nbsp; Kontakta oss f\u00f6r att boka b\u00e5tplats. Turb\u00e5tar till Ulv\u00f6n &amp; Trysunda [&hellip;]<\/p>\n","protected":false},"author":1,"featured_media":274,"parent":0,"menu_order":0,"comment_status":"closed","ping_status":"closed","template":"","meta":{"slim_seo":{"title":"Guest harbour - Kajkanten BnB","description":"Welcome to our own guest harbour at Kajkanten. Here are 15 nice berths with the possibility of electricity connection. In addition, you get access to WC, shower, sauna"},"footnotes":""},"class_list":["post-83","page","type-page","status-publish","has-post-thumbnail","hentry"],"_links":{"self":[{"href":"https:\/\/kajkanten19.se\/en\/wp-json\/wp\/v2\/pages\/83","targetHints":{"allow":["GET"]}}],"collection":[{"href":"https:\/\/kajkanten19.se\/en\/wp-json\/wp\/v2\/pages"}],"about":[{"href":"https:\/\/kajkanten19.se\/en\/wp-json\/wp\/v2\/types\/page"}],"author":[{"embeddable":true,"href":"https:\/\/kajkanten19.se\/en\/wp-json\/wp\/v2\/users\/1"}],"replies":[{"embeddable":true,"href":"https:\/\/kajkanten19.se\/en\/wp-json\/wp\/v2\/comments?post=83"}],"version-history":[{"count":0,"href":"https:\/\/kajkanten19.se\/en\/wp-json\/wp\/v2\/pages\/83\/revisions"}],"wp:featuredmedia":[{"embeddable":true,"href":"https:\/\/kajkanten19.se\/en\/wp-json\/wp\/v2\/media\/274"}],"wp:attachment":[{"href":"https:\/\/kajkanten19.se\/en\/wp-json\/wp\/v2\/media?parent=83"}],"curies":[{"name":"wp","href":"https:\/\/api.w.org\/{rel}","templated":true}]}}