{"id":86,"date":"2025-05-20T10:04:53","date_gmt":"2025-05-20T10:04:53","guid":{"rendered":"https:\/\/kajkanten.tore.enson.se\/?page_id=86"},"modified":"2025-05-28T13:42:11","modified_gmt":"2025-05-28T11:42:11","slug":"om-oss","status":"publish","type":"page","link":"https:\/\/kajkanten19.se\/en\/om-oss\/","title":{"rendered":"About us"},"content":{"rendered":"<h3 class=\"wp-block-heading\">A place with something for everyone<\/h3>\n\n\n\n<p>Kajkanten Bed and Breakfast is a meeting place for both adventurers and couch potatoes - old and young. Well, really for anyone looking for a quiet place to recharge their batteries for a few hours or a few days. Good food, good company and a stunning view of the bay is a pretty simple recipe - but one you'll want to return to.<\/p>\n\n\n\n<h3 class=\"wp-block-heading\">We on the quayside<\/h3>\n\n\n\n<p>Kajkanten is owned and run by H\u00e5kan Jacobsson and Annika Nordlander, but in total we are about 10 employees during the high season. After many years of entrepreneurship in K\u00f6pmanholmen, the village is close to the heart and the vision is that Kajkanten, with its fantastic location, will become the hub for all attractions in and around the High Coast. Summer is of course high season with many tourists from both near and far, but we stay open and give you good food, good accommodation and fantastic views all year round.<\/p>\n\n\n\n<p><\/p>","protected":false},"excerpt":{"rendered":"<p>En plats med n\u00e5got f\u00f6r alla Kajkanten Bed and Breakfast&nbsp;\u00e4r en samlingsplats f\u00f6r b\u00e5de \u00e4ventyrare och soffpotatisar &#8211; gammal som ung. Ja, egentligen f\u00f6r alla som s\u00f6ker en lugn plats d\u00e4r man kan ladda batterierna i n\u00e5gra timmar eller n\u00e5gra dagar. God mat, gott s\u00e4llskap och&nbsp;en fantastisk vy \u00f6ver fj\u00e4rden \u00e4r ett ganska enkelt recept [&hellip;]<\/p>\n","protected":false},"author":1,"featured_media":274,"parent":0,"menu_order":0,"comment_status":"closed","ping_status":"closed","template":"","meta":{"slim_seo":{"title":"About us - Kajkanten BnB","description":"A place with something for everyone Kajkanten Bed and Breakfast is a meeting place for both adventurers and couch potatoes - old and young. Well, really for everyone"},"footnotes":""},"class_list":["post-86","page","type-page","status-publish","has-post-thumbnail","hentry"],"_links":{"self":[{"href":"https:\/\/kajkanten19.se\/en\/wp-json\/wp\/v2\/pages\/86","targetHints":{"allow":["GET"]}}],"collection":[{"href":"https:\/\/kajkanten19.se\/en\/wp-json\/wp\/v2\/pages"}],"about":[{"href":"https:\/\/kajkanten19.se\/en\/wp-json\/wp\/v2\/types\/page"}],"author":[{"embeddable":true,"href":"https:\/\/kajkanten19.se\/en\/wp-json\/wp\/v2\/users\/1"}],"replies":[{"embeddable":true,"href":"https:\/\/kajkanten19.se\/en\/wp-json\/wp\/v2\/comments?post=86"}],"version-history":[{"count":0,"href":"https:\/\/kajkanten19.se\/en\/wp-json\/wp\/v2\/pages\/86\/revisions"}],"wp:featuredmedia":[{"embeddable":true,"href":"https:\/\/kajkanten19.se\/en\/wp-json\/wp\/v2\/media\/274"}],"wp:attachment":[{"href":"https:\/\/kajkanten19.se\/en\/wp-json\/wp\/v2\/media?parent=86"}],"curies":[{"name":"wp","href":"https:\/\/api.w.org\/{rel}","templated":true}]}}